{"id":150,"date":"2023-04-03T13:01:40","date_gmt":"2023-04-03T11:01:40","guid":{"rendered":"https:\/\/aschaffenburg.fau.org\/?page_id=150"},"modified":"2024-10-04T14:30:25","modified_gmt":"2024-10-04T12:30:25","slug":"startseite","status":"publish","type":"page","link":"https:\/\/aschaffenburg.fau.org\/","title":{"rendered":"Herzlich Willkommen"},"content":{"rendered":"<div class=\"wp-block-image is-style-rounded\">\n<figure class=\"alignright size-full is-resized\"><img loading=\"lazy\" decoding=\"async\" width=\"744\" height=\"660\" src=\"https:\/\/aschaffenburg.fau.org\/wp-content\/uploads\/2023\/04\/faufahne-e1680771621599.png\" alt=\"\" class=\"wp-image-258\" style=\"width:186px;height:165px\" srcset=\"https:\/\/aschaffenburg.fau.org\/wp-content\/uploads\/2023\/04\/faufahne-e1680771621599.png 744w, https:\/\/aschaffenburg.fau.org\/wp-content\/uploads\/2023\/04\/faufahne-e1680771621599-300x266.png 300w, https:\/\/aschaffenburg.fau.org\/wp-content\/uploads\/2023\/04\/faufahne-e1680771621599-395x350.png 395w, https:\/\/aschaffenburg.fau.org\/wp-content\/uploads\/2023\/04\/faufahne-e1680771621599-150x133.png 150w\" sizes=\"auto, (max-width: 744px) 100vw, 744px\" \/><\/figure>\n<\/div>\n\n\n<p><strong>beim allgemeinen Syndikat der FAU Aschaffenburg, <\/strong><\/p>\n\n\n\n<p>der Basisgewerkschaft im Raum Aschaffenburg-Miltenberg.<\/p>\n\n\n\n<p>Wir k\u00e4mpfen f\u00fcr die Verbesserung unserer Arbeits- und Lebensbedingungen und haben dar\u00fcber hinaus weitreichende Fernziele, f\u00fcr deren erreichen wir eine starke Gewerkschaftsbewegung aufbauen wollen.<\/p>\n\n\n\n<p>Trete bei, bring dich ein, werde aktiv!<\/p>\n\n\n\n<div style=\"height:24px\" aria-hidden=\"true\" class=\"wp-block-spacer\"><\/div>\n\n\n\n<p><\/p>\n","protected":false},"excerpt":{"rendered":"<p>beim allgemeinen Syndikat der FAU Aschaffenburg, der Basisgewerkschaft im Raum Aschaffenburg-Miltenberg. Wir k\u00e4mpfen f\u00fcr die Verbesserung unserer Arbeits- und Lebensbedingungen und haben dar\u00fcber hinaus weitreichende Fernziele, f\u00fcr deren erreichen wir eine starke Gewerkschaftsbewegung aufbauen wollen. Trete bei, bring dich ein, werde aktiv! <a class=\"continue-reading-link\" href=\"https:\/\/aschaffenburg.fau.org\/\">Continue reading<\/a><\/p>\n","protected":false},"author":1,"featured_media":258,"parent":0,"menu_order":0,"comment_status":"closed","ping_status":"closed","template":"","meta":{"footnotes":""},"class_list":["post-150","page","type-page","status-publish","has-post-thumbnail","hentry"],"_links":{"self":[{"href":"https:\/\/aschaffenburg.fau.org\/index.php?rest_route=\/wp\/v2\/pages\/150","targetHints":{"allow":["GET"]}}],"collection":[{"href":"https:\/\/aschaffenburg.fau.org\/index.php?rest_route=\/wp\/v2\/pages"}],"about":[{"href":"https:\/\/aschaffenburg.fau.org\/index.php?rest_route=\/wp\/v2\/types\/page"}],"author":[{"embeddable":true,"href":"https:\/\/aschaffenburg.fau.org\/index.php?rest_route=\/wp\/v2\/users\/1"}],"replies":[{"embeddable":true,"href":"https:\/\/aschaffenburg.fau.org\/index.php?rest_route=%2Fwp%2Fv2%2Fcomments&post=150"}],"version-history":[{"count":19,"href":"https:\/\/aschaffenburg.fau.org\/index.php?rest_route=\/wp\/v2\/pages\/150\/revisions"}],"predecessor-version":[{"id":631,"href":"https:\/\/aschaffenburg.fau.org\/index.php?rest_route=\/wp\/v2\/pages\/150\/revisions\/631"}],"wp:featuredmedia":[{"embeddable":true,"href":"https:\/\/aschaffenburg.fau.org\/index.php?rest_route=\/wp\/v2\/media\/258"}],"wp:attachment":[{"href":"https:\/\/aschaffenburg.fau.org\/index.php?rest_route=%2Fwp%2Fv2%2Fmedia&parent=150"}],"curies":[{"name":"wp","href":"https:\/\/api.w.org\/{rel}","templated":true}]}}