{"id":195,"date":"2023-04-03T14:38:48","date_gmt":"2023-04-03T12:38:48","guid":{"rendered":"https:\/\/aschaffenburg.fau.org\/?page_id=195"},"modified":"2023-04-06T21:51:58","modified_gmt":"2023-04-06T19:51:58","slug":"mitgliedschaft","status":"publish","type":"page","link":"https:\/\/aschaffenburg.fau.org\/?page_id=195","title":{"rendered":"Webformular Mitgliedsantrag"},"content":{"rendered":"\n<p><\/p>\n\n\n\n<div class=\"wp-block-contact-form-7-contact-form-selector\">\n<div class=\"wpcf7 no-js\" id=\"wpcf7-f193-o1\" lang=\"de-DE\" dir=\"ltr\" data-wpcf7-id=\"193\">\n<div class=\"screen-reader-response\"><p role=\"status\" aria-live=\"polite\" aria-atomic=\"true\"><\/p> <ul><\/ul><\/div>\n<form action=\"\/index.php?rest_route=%2Fwp%2Fv2%2Fpages%2F195#wpcf7-f193-o1\" method=\"post\" class=\"wpcf7-form init\" aria-label=\"Kontaktformular\" novalidate=\"novalidate\" data-status=\"init\">\n<fieldset class=\"hidden-fields-container\"><input type=\"hidden\" name=\"_wpcf7\" value=\"193\" \/><input type=\"hidden\" name=\"_wpcf7_version\" value=\"6.1.5\" \/><input type=\"hidden\" name=\"_wpcf7_locale\" value=\"de_DE\" \/><input type=\"hidden\" name=\"_wpcf7_unit_tag\" value=\"wpcf7-f193-o1\" \/><input type=\"hidden\" name=\"_wpcf7_container_post\" value=\"0\" \/><input type=\"hidden\" name=\"_wpcf7_posted_data_hash\" value=\"\" \/>\n<\/fieldset>\n<p><b>Voraussetzungen:<\/b>\n<\/p>\n<ul>\n\t<li>\n\t\t<p>Ich bin Arbeiter*in. Gemeint sind alle Erwerbst\u00e4tigen, Erwerbslosen, Lohnabh\u00e4ngigen, (Schein-)Selbst\u00e4n\u00addigen, Auszubildenden und Rentner*innen.\n\t\t<\/p>\n\t<\/li>\n\t<li>\n\t\t<p>Ich bin kein\/e ArbeitgeberIn oder leitende\/r AngestellteR mit der M\u00f6glichkeit, andere Menschen einzustellen oder zu entlassen (siehe BetrVG \u00a7 5. (2) 1. und 2. sowie (3) 1. und 2.).\n\t\t<\/p>\n\t<\/li>\n\t<li>\n\t\t<p>Ich \u00fcbe keine T\u00e4tigkeiten aus, die im Widerspruch zu den Zwecken und Zielen der FAU stehen.\n\t\t<\/p>\n\t<\/li>\n\t<li>\n\t\t<p>Ich unterst\u00fctze die Grunds\u00e4tze der FAU und werde mich ihren Strukturen\/Beschl\u00fcssen entsprechend verhalten.\n\t\t<\/p>\n\t<\/li>\n\n\n\n<b>Ich m\u00f6chte Mitglied des Allgemeinen Syndikats der FAU Aschaffenburg werden.<br \/>\nBeitrittsdatum:<\/b> <span class=\"wpcf7-form-control-wrap\" data-name=\"mtgl-ab\"><input size=\"10\" maxlength=\"400\" class=\"wpcf7-form-control wpcf7-text\" aria-invalid=\"false\" value=\"\" type=\"text\" name=\"mtgl-ab\" \/><\/span>\n<\/ul>\n<ul>\n\t<fieldset class=\"fieldset-mitglied\">\n\t\t<legend class=\"legend-mitglied\"> Pers\u00f6nliche Daten\n\t\t<\/legend>\n\t\t<p><span class=\"formhelp\">Die Angaben werden vertraulich behandelt!<\/span>\n\t\t<\/p>\n\t\t<p><b>Name*<\/b>\n\t\t<\/p>\n\t\t<p><span class=\"wpcf7-form-control-wrap\" data-name=\"name-123\"><input size=\"40\" maxlength=\"400\" class=\"wpcf7-form-control wpcf7-text wpcf7-validates-as-required\" aria-required=\"true\" aria-invalid=\"false\" value=\"\" type=\"text\" name=\"name-123\" \/><\/span>\n\t\t<\/p>\n\t\t<p><b>Str.\/Hausnr.*<\/b>\n\t\t<\/p>\n\t\t<p><span class=\"wpcf7-form-control-wrap\" data-name=\"str-hsnr\"><input size=\"40\" maxlength=\"400\" class=\"wpcf7-form-control wpcf7-text wpcf7-validates-as-required\" aria-required=\"true\" aria-invalid=\"false\" value=\"\" type=\"text\" name=\"str-hsnr\" \/><\/span>\n\t\t<\/p>\n\t\t<p><b>PLZ\/Ort*<\/b>\n\t\t<\/p>\n\t\t<p><span class=\"wpcf7-form-control-wrap\" data-name=\"plz-ort\"><input size=\"40\" maxlength=\"400\" class=\"wpcf7-form-control wpcf7-text wpcf7-validates-as-required\" aria-required=\"true\" aria-invalid=\"false\" value=\"\" type=\"text\" name=\"plz-ort\" \/><\/span>\n\t\t<\/p>\n\t\t<p><b>Telefon*<\/b>\n\t\t<\/p>\n\t\t<p><span class=\"wpcf7-form-control-wrap\" data-name=\"telefon\"><input size=\"40\" maxlength=\"400\" class=\"wpcf7-form-control wpcf7-tel wpcf7-validates-as-required wpcf7-text wpcf7-validates-as-tel\" aria-required=\"true\" aria-invalid=\"false\" value=\"\" type=\"tel\" name=\"telefon\" \/><\/span>\n\t\t<\/p>\n\t\t<p><b>E-Mail*<\/b>\n\t\t<\/p>\n\t\t<p><span class=\"wpcf7-form-control-wrap\" data-name=\"email\"><input size=\"40\" maxlength=\"400\" class=\"wpcf7-form-control wpcf7-email wpcf7-validates-as-required wpcf7-text wpcf7-validates-as-email\" aria-required=\"true\" aria-invalid=\"false\" value=\"\" type=\"email\" name=\"email\" \/><\/span>\n\t\t<\/p>\n\t<\/fieldset>\n\n<span id=\"wpcf7-69f1b4f085759-wrapper\" class=\"wpcf7-form-control-wrap fauh-form-join-wrap\" style=\"display:none !important; visibility:hidden !important;\"><label for=\"wpcf7-69f1b4f085759-field\" class=\"hp-message\">Bitte lasse dieses Feld leer.<\/label><input id=\"wpcf7-69f1b4f085759-field\"  class=\"wpcf7-form-control wpcf7-text\" type=\"text\" name=\"fauh-form-join\" value=\"\" size=\"40\" tabindex=\"-1\" autocomplete=\"new-password\" \/><\/span>\n\t<fieldset class=\"fieldset-mitglied\">\n\t\t<legend class=\"legend-mitglied\"> Besch\u00e4ftigungsdaten\n\t\t<\/legend>\n\t\t<p><span class=\"formhelp\">Bitte unbedingt ausf\u00fcllen - dies sind wichtige Informationen f\u00fcr deine Gewerkschaft<\/span>\n\t\t<\/p>\n\t\t<p><b>Gelernter Beruf<\/b>\n\t\t<\/p>\n\t\t<p><span class=\"wpcf7-form-control-wrap\" data-name=\"beruf\"><input size=\"40\" maxlength=\"400\" class=\"wpcf7-form-control wpcf7-text\" aria-invalid=\"false\" value=\"\" type=\"text\" name=\"beruf\" \/><\/span>\n\t\t<\/p>\n\t\t<p><b>Derzeitige T\u00e4tigkeit<\/b>\n\t\t<\/p>\n\t\t<p><span class=\"formhelp\">Falls andere als gelernter Beruf<\/span>\n\t\t<\/p>\n\t\t<p><span class=\"wpcf7-form-control-wrap\" data-name=\"taetigkeit\"><input size=\"40\" maxlength=\"400\" class=\"wpcf7-form-control wpcf7-text\" aria-invalid=\"false\" value=\"\" type=\"text\" name=\"taetigkeit\" \/><\/span>\n\t\t<\/p>\n\t\t<p><b>Besch\u00e4ftigungsverh\u00e4ltnis<\/b>\n\t\t<\/p>\n\t\t<p><span class=\"formhelp\">Also zum Beispiel regul\u00e4r angestellt, freiberuflich, Minijob, etc.<\/span>\n\t\t<\/p>\n\t\t<p><span class=\"wpcf7-form-control-wrap\" data-name=\"beschaeftigung\"><input size=\"40\" maxlength=\"400\" class=\"wpcf7-form-control wpcf7-text\" aria-invalid=\"false\" value=\"\" type=\"text\" name=\"beschaeftigung\" \/><\/span>\n\t\t<\/p>\n\t\t<p><b>Art<\/b>\n\t\t<\/p>\n\t\t<p><span class=\"wpcf7-form-control-wrap\" data-name=\"radio-741\"><span class=\"wpcf7-form-control wpcf7-radio\"><span class=\"wpcf7-list-item first\"><input type=\"radio\" name=\"radio-741\" value=\"Teilzeit\" \/><span class=\"wpcf7-list-item-label\">Teilzeit<\/span><\/span><span class=\"wpcf7-list-item last\"><input type=\"radio\" name=\"radio-741\" value=\"Vollzeit\" \/><span class=\"wpcf7-list-item-label\">Vollzeit<\/span><\/span><\/span><\/span>\n\t\t<\/p>\n\t\t<p><b>Branche*<\/b>\n\t\t<\/p>\n\t\t<p><span class=\"formhelp\">Der Wirtschaftsbereich, in dem du t\u00e4tig bist<\/span>\n\t\t<\/p>\n\t\t<p><span class=\"wpcf7-form-control-wrap\" data-name=\"branche\"><input size=\"40\" maxlength=\"400\" class=\"wpcf7-form-control wpcf7-text wpcf7-validates-as-required\" aria-required=\"true\" aria-invalid=\"false\" value=\"\" type=\"text\" name=\"branche\" \/><\/span>\n\t\t<\/p>\n\t\t<p><b>Betrieb (Name und Adresse) <\/b>\n\t\t<\/p>\n\t\t<p><span class=\"wpcf7-form-control-wrap\" data-name=\"betrieb\"><input size=\"40\" maxlength=\"400\" class=\"wpcf7-form-control wpcf7-text\" aria-invalid=\"false\" value=\"\" type=\"text\" name=\"betrieb\" \/><\/span>\n\t\t<\/p>\n\t\t<p><b>Sonstige Angaben<\/b>\n\t\t<\/p>\n\t\t<p><span class=\"formhelp\">z.B. konkretes, aktuelles Anliegen<\/span>\n\t\t<\/p>\n\t\t<p><span class=\"wpcf7-form-control-wrap\" data-name=\"sonstiges\"><textarea cols=\"40\" rows=\"4\" maxlength=\"2000\" class=\"wpcf7-form-control wpcf7-textarea\" aria-invalid=\"false\" name=\"sonstiges\"><\/textarea><\/span>\n\t\t<\/p>\n\t<\/fieldset>\n\t<fieldset class=\"fieldset-mitglied\">\n\t\t<legend class=\"legend-mitglied\"> Mitgliedsbeitrag\n\t\t<\/legend>\n\t\t<p>Der Mitgliedsbeitrag betr\u00e4gt pro Monat 1 % des regelm\u00e4\u00dfigen monatlichen Nettoverdienstes. Der Mindestbeitrag betr\u00e4gt 8,- Euro monatlich. Bei \u00f6konomischen Notlagen kann per Antrag der Beitrag gesenkt oder erlassen werden. Jedem Mitglied steht es frei, h\u00f6here Beitr\u00e4ge zu zahlen.\n\t\t<\/p>\n\t\t<p><span class=\"formhelp\">Bankverbindung:<br \/>\nAllgemeines Syndikat Aschaffenburg<br \/>\nIBAN: DE17795625140007240708<br \/>\nBIC: GENODEF1AB1<br \/>\nRaiffeisen-Volksbank Aschaffenburg<\/span>\n\t\t<\/p>\n\t\t<p>Ich werde pro Monat folgenden Betrag auf das genannte Konto \u00fcberweisen:<br \/>\n<span class=\"wpcf7-form-control-wrap\" data-name=\"mtg-beitrag\"><input class=\"wpcf7-form-control wpcf7-number wpcf7-validates-as-required wpcf7-validates-as-number\" min=\"8\" aria-required=\"true\" aria-invalid=\"false\" value=\"\" type=\"number\" name=\"mtg-beitrag\" \/><\/span>\n\t\t<\/p>\n\t\t<p>Nach dem Absenden wird der Mitgliedsantrag durch die\/den Sekret\u00e4rIn des AS Aschaffenburg bearbeitet und best\u00e4tigt.<br \/>\nAlle pers\u00f6nlichen Daten werden vertraulich behandelt.\n\t\t<\/p>\n\t<\/fieldset>\n\n<span class=\"wpcf7-form-control-wrap kc_captcha\" data-name=\"kc_captcha\"><span class=\"wpcf7-form-control wpcf7-radio\"><span class=\"captcha-image\" ><span class=\"cf7ic_instructions\">Bitte beweise, dass du kein Spambot bist und w\u00e4hle das Symbol<span> Tasse<\/span>.<\/span><label><input aria-label=\"1\" type=\"radio\" name=\"kc_captcha\" value=\"kc_human\" \/><svg aria-hidden=\"true\" role=\"img\" xmlns=\"http:\/\/www.w3.org\/2000\/svg\" viewBox=\"0 0 640 512\"><path fill=\"currentColor\" d=\"M192 384h192c53 0 96-43 96-96h32a128 128 0 000-256H120c-13 0-24 11-24 24v232c0 53 43 96 96 96zM512 96a64 64 0 010 128h-32V96h32zm48 384H48c-47 0-61-64-36-64h584c25 0 11 64-36 64z\"\/><\/svg><\/label><label><input aria-label=\"2\" type=\"radio\" name=\"kc_captcha\" value=\"bot\" \/><svg aria-hidden=\"true\" role=\"img\" xmlns=\"http:\/\/www.w3.org\/2000\/svg\" viewBox=\"0 0 512 512\"><path fill=\"currentColor\" d=\"M350 99c-54 0-98-35-166-35-25 0-47 4-68 12a56 56 0 004-24C118 24 95 1 66 0a56 56 0 00-34 102v386c0 13 11 24 24 24h16c13 0 24-11 24-24v-94c28-12 64-23 114-23 54 0 98 35 166 35 48 0 86-16 122-41 9-6 14-15 14-26V96c0-23-24-39-45-29-35 16-77 32-117 32z\"\/><\/svg><\/label><label><input aria-label=\"3\" type=\"radio\" name=\"kc_captcha\" value=\"bot\" \/><svg aria-hidden=\"true\" role=\"img\" xmlns=\"http:\/\/www.w3.org\/2000\/svg\" viewBox=\"0 0 640 512\"><path fill=\"currentColor\" d=\"M624 352h-16V244c0-13-5-25-14-34L494 110c-9-9-21-14-34-14h-44V48c0-26-21-48-48-48H48C22 0 0 22 0 48v320c0 27 22 48 48 48h16a96 96 0 00192 0h128a96 96 0 00192 0h48c9 0 16-7 16-16v-32c0-9-7-16-16-16zM160 464a48 48 0 110-96 48 48 0 010 96zm320 0a48 48 0 110-96 48 48 0 010 96zm80-208H416V144h44l100 100v12z\"\/><\/svg><\/label>\r\n    <\/span>\r\n    <span style=\"display:none\">\r\n        <input type=\"text\" name=\"kc_honeypot\">\r\n    <\/span><\/span><\/span>\n\nDatenschutzhinweis: Die FAU Aschaffenburg verarbeitet die Angaben ausschlie\u00dflich zu Zwecken der Mitgliederverwaltung, -betreuung, -information, Beitragsberechnung und -einzug sowie zur Erf\u00fcllung satzungsgem\u00e4\u00dfer Aufgaben. Sie sind hierf\u00fcr zwingend erforderlich.\nRechtsgrundlage ist Art. 6 Abs. 1 S.1 b, 9 Abs. 2 d DSGVO. Zu diesen Zwecken werden sie f\u00fcr die Dauer der Mitgliedschaft verarbeitet, ggf. auch dar\u00fcber hinaus, soweit entspr. gesetzliche Aufbewahrungsfristen bestehen, und ausschlie\u00dflich zur Erf\u00fcllung gewerkschaftlicher Aufgaben an diesbzgl. besonders Beauftragte weitergegeben und genutzt. Du hast das Recht, im Umfang nach Art. 15 ff. DSGVO jederzeit Auskunft \u00fcber deine verarbeiteten Daten sowie deren Berichtigung oder L\u00f6schung zu verlangen.\nDu hast \u00fcberdies ein Beschwerderecht bei einer Datenschutzaufsichtsbeh\u00f6rde. Fragen und Beschwerden bitte an fauab-kontakt@fau.org\n\t<p><input class=\"wpcf7-form-control wpcf7-submit has-spinner\" type=\"submit\" value=\"Mitgliedsantrag absenden\" \/>\n\t<\/p>\n<\/ul><div class=\"wpcf7-response-output\" aria-hidden=\"true\"><\/div>\n<\/form>\n<\/div>\n<\/div>\n","protected":false},"excerpt":{"rendered":"<p> <a class=\"continue-reading-link\" href=\"https:\/\/aschaffenburg.fau.org\/?page_id=195\">Continue reading<\/a><\/p>\n","protected":false},"author":1,"featured_media":0,"parent":0,"menu_order":0,"comment_status":"closed","ping_status":"closed","template":"","meta":{"footnotes":""},"class_list":["post-195","page","type-page","status-publish","hentry"],"_links":{"self":[{"href":"https:\/\/aschaffenburg.fau.org\/index.php?rest_route=\/wp\/v2\/pages\/195","targetHints":{"allow":["GET"]}}],"collection":[{"href":"https:\/\/aschaffenburg.fau.org\/index.php?rest_route=\/wp\/v2\/pages"}],"about":[{"href":"https:\/\/aschaffenburg.fau.org\/index.php?rest_route=\/wp\/v2\/types\/page"}],"author":[{"embeddable":true,"href":"https:\/\/aschaffenburg.fau.org\/index.php?rest_route=\/wp\/v2\/users\/1"}],"replies":[{"embeddable":true,"href":"https:\/\/aschaffenburg.fau.org\/index.php?rest_route=%2Fwp%2Fv2%2Fcomments&post=195"}],"version-history":[{"count":4,"href":"https:\/\/aschaffenburg.fau.org\/index.php?rest_route=\/wp\/v2\/pages\/195\/revisions"}],"predecessor-version":[{"id":271,"href":"https:\/\/aschaffenburg.fau.org\/index.php?rest_route=\/wp\/v2\/pages\/195\/revisions\/271"}],"wp:attachment":[{"href":"https:\/\/aschaffenburg.fau.org\/index.php?rest_route=%2Fwp%2Fv2%2Fmedia&parent=195"}],"curies":[{"name":"wp","href":"https:\/\/api.w.org\/{rel}","templated":true}]}}