{"id":199,"date":"2023-04-03T23:08:06","date_gmt":"2023-04-03T21:08:06","guid":{"rendered":"https:\/\/aschaffenburg.fau.org\/?page_id=199"},"modified":"2026-01-12T18:29:46","modified_gmt":"2026-01-12T17:29:46","slug":"mitglied-werden","status":"publish","type":"page","link":"https:\/\/aschaffenburg.fau.org\/?page_id=199","title":{"rendered":"Mitglied werden"},"content":{"rendered":"\n<p>Als Basisgewerkschaft sind wir auf die Beteiligung und den Einsatz unserer Mitglieder angewiesen. Doch auch eine passive Mitgliedschaft ist grunds\u00e4tzlich m\u00f6glich.<\/p>\n\n\n\n<p><strong>Voraussetzungen f\u00fcr die Mitgliedschaft<\/strong><\/p>\n\n\n\n<ul class=\"wp-block-list\">\n<li>Ich bin ArbeiterIn. Gemeint sind alle Erwerbst\u00e4tigen, Erwerbslosen, Lohnabh\u00e4ngigen, (Schein-)Selbst\u00e4n\u00addigen, Auszubildenden und RentnerInnen.<\/li>\n\n\n\n<li>Ich bin kein\/e ArbeitgeberIn oder leitende\/r AngestellteR mit der M\u00f6glichkeit, andere Menschen einzustellen oder zu entlassen (siehe BetrVG \u00a7 5. (2) 1. und 2. sowie (3) 1. und 2.).<\/li>\n\n\n\n<li>Ich \u00fcbe keine T\u00e4tigkeiten aus, die im Widerspruch zu den Zwecken und Zielen der FAU stehen.<\/li>\n\n\n\n<li>Ich unterst\u00fctze die Grunds\u00e4tze der FAU und werde mich ihren Strukturen\/Beschl\u00fcssen entsprechend verhalten.<\/li>\n\n\n\n<li>Ich habe die <a href=\"https:\/\/aschaffenburg.fau.org\/wp-content\/uploads\/2023\/04\/Satzung-Allgemeines-Syndikat-Aschaffenburg.pdf\">Satzung der FAU Aschaffenburg<\/a>, sowie <a href=\"https:\/\/www.fau.org\/gewerkschaft\/statuten-2021.pdf\">Statuten <\/a>und <a href=\"https:\/\/www.fau.org\/gewerkschaft\/prinzipien-und-grundlagen-der-fau\">Prinzipien <\/a>der FAU zur Kenntnis genommen und stimme diesen zu.<\/li>\n<\/ul>\n\n\n\n<p><strong>Vorteile der Mitgliedschaft<\/strong><\/p>\n\n\n\n<ul class=\"wp-block-list\">\n<li>Gewerkschaftliche Beratung bei Fragen zu deinem Arbeitsverh\u00e4ltnis<\/li>\n\n\n\n<li>Tatkr\u00e4ftige Solidarit\u00e4t: Unterst\u00fctzung in deinem Arbeitskonflikt von den anderen Mitgliedern<\/li>\n\n\n\n<li>Rechtsschutz: Unterst\u00fctzung in juristischen Streitf\u00e4llen, die aus der gewerkschaftlichen Aktivit\u00e4t entstehen<\/li>\n\n\n\n<li>Streikunterst\u00fctzung : F\u00fcr gr\u00f6\u00dfere K\u00e4mpfe gibt es gr\u00f6\u00dfere Geldt\u00f6pfe auf Regional- und Bundesebene der FAU.<\/li>\n\n\n\n<li>Bildungs- und Schulungsangebote zur Organisierung am Arbeitsplatz, Gewerkschafts- und<br>Arbeitsrecht<\/li>\n\n\n\n<li>Basisdemokratische Mitbestimmungsrechte: Gleichberechtigt mit anderen kannst du \u00fcber die Angelegenheiten in der FAU mitbestimmen<\/li>\n\n\n\n<li>Nutzung unseres B\u00fcros und technischer Infrastruktur<\/li>\n<\/ul>\n\n\n\n<p><strong>Mitgliedsantrag<\/strong><\/p>\n\n\n\n<p>Um Mitglied zu werden, musst du einen Mitgliedsantrag ausf\u00fcllen und dem Sekretariat des Aschaffenburger Syndikats zukommen lassen. Daf\u00fcr gibt es entweder das <a href=\"https:\/\/aschaffenburg.fau.org\/?page_id=195\">Webformular<\/a> oder die Papierversion. Die Papierversion kannst du dir als PDF-Datei herunterladen, ausdrucken und an folgende Adresse schicken:<\/p>\n\n\n\n<p><strong>FAU Aschaffenburg <br>Uhlandstra\u00dfe 7 <br>63741 Aschaffenburg<\/strong><\/p>\n\n\n\n<p>Nach Erhalt deines Antrags wird dieser bearbeitet, was ein paar Tage in Anspruch nehmen kann. Nach Best\u00e4tigung durch unsere Mitgliederverwaltung gilt die Mitgliedschaft bis Eingang des ersten Beitrages als vorl\u00e4ufig.<\/p>\n\n\n\n<div class=\"wp-block-buttons is-layout-flex wp-block-buttons-is-layout-flex\">\n<div class=\"wp-block-button\"><a class=\"wp-block-button__link wp-element-button\" href=\"https:\/\/aschaffenburg.fau.org\/?page_id=195\">Webformular<\/a><\/div>\n\n\n\n<div class=\"wp-block-button\"><a class=\"wp-block-button__link wp-element-button\" href=\"https:\/\/aschaffenburg.fau.org\/wp-content\/uploads\/2026\/01\/2026-01-12-Beitrittserklaerung.pdf\">PDF-Download<\/a><\/div>\n<\/div>\n","protected":false},"excerpt":{"rendered":"<p>Als Basisgewerkschaft sind wir auf die Beteiligung und den Einsatz unserer Mitglieder angewiesen. Doch auch eine passive Mitgliedschaft ist grunds\u00e4tzlich m\u00f6glich. Voraussetzungen f\u00fcr die Mitgliedschaft Vorteile der Mitgliedschaft Mitgliedsantrag Um Mitglied zu werden, musst du einen Mitgliedsantrag ausf\u00fcllen und dem Sekretariat des Aschaffenburger Syndikats zukommen lassen. Daf\u00fcr gibt es entweder&#8230; <a class=\"continue-reading-link\" href=\"https:\/\/aschaffenburg.fau.org\/?page_id=199\">Continue reading<\/a><\/p>\n","protected":false},"author":1,"featured_media":0,"parent":0,"menu_order":0,"comment_status":"closed","ping_status":"closed","template":"","meta":{"footnotes":""},"class_list":["post-199","page","type-page","status-publish","hentry"],"_links":{"self":[{"href":"https:\/\/aschaffenburg.fau.org\/index.php?rest_route=\/wp\/v2\/pages\/199","targetHints":{"allow":["GET"]}}],"collection":[{"href":"https:\/\/aschaffenburg.fau.org\/index.php?rest_route=\/wp\/v2\/pages"}],"about":[{"href":"https:\/\/aschaffenburg.fau.org\/index.php?rest_route=\/wp\/v2\/types\/page"}],"author":[{"embeddable":true,"href":"https:\/\/aschaffenburg.fau.org\/index.php?rest_route=\/wp\/v2\/users\/1"}],"replies":[{"embeddable":true,"href":"https:\/\/aschaffenburg.fau.org\/index.php?rest_route=%2Fwp%2Fv2%2Fcomments&post=199"}],"version-history":[{"count":16,"href":"https:\/\/aschaffenburg.fau.org\/index.php?rest_route=\/wp\/v2\/pages\/199\/revisions"}],"predecessor-version":[{"id":904,"href":"https:\/\/aschaffenburg.fau.org\/index.php?rest_route=\/wp\/v2\/pages\/199\/revisions\/904"}],"wp:attachment":[{"href":"https:\/\/aschaffenburg.fau.org\/index.php?rest_route=%2Fwp%2Fv2%2Fmedia&parent=199"}],"curies":[{"name":"wp","href":"https:\/\/api.w.org\/{rel}","templated":true}]}}