{"id":206,"date":"2023-04-03T23:29:50","date_gmt":"2023-04-03T21:29:50","guid":{"rendered":"https:\/\/aschaffenburg.fau.org\/?page_id=206"},"modified":"2023-07-13T20:37:30","modified_gmt":"2023-07-13T18:37:30","slug":"ueber-uns","status":"publish","type":"page","link":"https:\/\/aschaffenburg.fau.org\/?page_id=206","title":{"rendered":"\u00dcber uns"},"content":{"rendered":"\n<p>Die Freie Arbeiter*innen-Union (FAU) Aschaffenburg ist eine Basisgewerkschaft in der Wirtschaftsregion Bayerischer Untermain (Stadt und Landkreis Aschaffenburg, Landkreis Miltenberg).<\/p>\n\n\n\n<p>Im M\u00e4rz 2021 als eine Sektion der FAU Frankfurt am Main gestartet, erfolgte im April 2023 die Ausgr\u00fcndung als eigenst\u00e4ndige Basisgewerkschaft.<\/p>\n\n\n\n<ul class=\"wp-block-list\">\n<li><a href=\"https:\/\/aschaffenburg.fau.org\/?page_id=217\">Kurze Selbstdarstellung<\/a><\/li>\n\n\n\n<li><a href=\"https:\/\/aschaffenburg.fau.org\/?page_id=210\">Satzung &amp; Statuten<\/a><\/li>\n\n\n\n<li><a href=\"https:\/\/aschaffenburg.fau.org\/?page_id=248\">Tradition &amp; Geschichte<\/a><\/li>\n<\/ul>\n","protected":false},"excerpt":{"rendered":"<p>Die Freie Arbeiter*innen-Union (FAU) Aschaffenburg ist eine Basisgewerkschaft in der Wirtschaftsregion Bayerischer Untermain (Stadt und Landkreis Aschaffenburg, Landkreis Miltenberg). Im M\u00e4rz 2021 als eine Sektion der FAU Frankfurt am Main gestartet, erfolgte im April 2023 die Ausgr\u00fcndung als eigenst\u00e4ndige Basisgewerkschaft. <a class=\"continue-reading-link\" href=\"https:\/\/aschaffenburg.fau.org\/?page_id=206\">Continue reading<\/a><\/p>\n","protected":false},"author":1,"featured_media":0,"parent":0,"menu_order":0,"comment_status":"closed","ping_status":"closed","template":"","meta":{"footnotes":""},"class_list":["post-206","page","type-page","status-publish","hentry"],"_links":{"self":[{"href":"https:\/\/aschaffenburg.fau.org\/index.php?rest_route=\/wp\/v2\/pages\/206","targetHints":{"allow":["GET"]}}],"collection":[{"href":"https:\/\/aschaffenburg.fau.org\/index.php?rest_route=\/wp\/v2\/pages"}],"about":[{"href":"https:\/\/aschaffenburg.fau.org\/index.php?rest_route=\/wp\/v2\/types\/page"}],"author":[{"embeddable":true,"href":"https:\/\/aschaffenburg.fau.org\/index.php?rest_route=\/wp\/v2\/users\/1"}],"replies":[{"embeddable":true,"href":"https:\/\/aschaffenburg.fau.org\/index.php?rest_route=%2Fwp%2Fv2%2Fcomments&post=206"}],"version-history":[{"count":7,"href":"https:\/\/aschaffenburg.fau.org\/index.php?rest_route=\/wp\/v2\/pages\/206\/revisions"}],"predecessor-version":[{"id":359,"href":"https:\/\/aschaffenburg.fau.org\/index.php?rest_route=\/wp\/v2\/pages\/206\/revisions\/359"}],"wp:attachment":[{"href":"https:\/\/aschaffenburg.fau.org\/index.php?rest_route=%2Fwp%2Fv2%2Fmedia&parent=206"}],"curies":[{"name":"wp","href":"https:\/\/api.w.org\/{rel}","templated":true}]}}