{"id":217,"date":"2023-04-04T09:28:26","date_gmt":"2023-04-04T07:28:26","guid":{"rendered":"https:\/\/aschaffenburg.fau.org\/?page_id=217"},"modified":"2024-04-02T13:21:04","modified_gmt":"2024-04-02T11:21:04","slug":"kurze-selbstdarstellung","status":"publish","type":"page","link":"https:\/\/aschaffenburg.fau.org\/?page_id=217","title":{"rendered":"kurz &#038; knapp"},"content":{"rendered":"\n<p>Das allgemeine Syndikat der Freien Arbeiter*innen-Union (FAU) Aschaffenburg ist eine Basisgewerkschaft f\u00fcr alle Branchen und Berufe. Unser Organisationsgebiet erstreckt sich auf die Wirtschaftsregion Bayerischer Untermain (Stadt und Landkreis Aschaffenburg, Landkreis Miltenberg).<br>Wir k\u00e4mpfen f\u00fcr die Verbesserung unserer Arbeits- und Lebensbedingungen und haben dar\u00fcber hinaus<br><a href=\"https:\/\/www.fau.org\/gewerkschaft\/prinzipien-und-grundlagen-der-fau\">weitreichende Fernziele<\/a>, f\u00fcr deren erreichen wir eine starke Gewerkschaftsbewegung aufbauen wollen.<\/p>\n\n\n\n<p><strong>Unser Ansatz im Betrieb<\/strong><\/p>\n\n\n\n<p>Um nachhaltig f\u00fcr Verbesserungen an unseren Arbeitspl\u00e4tzen zu k\u00e4mpfen, setzen wir auf die Bildung von<br>Betriebsgruppen und zielen tarifpolitisch auf die Abschl\u00fcsse von Haustarifvertr\u00e4gen ab. Das f\u00fcr die<br>Organisierung am Arbeitsplatz notwendige Wissen, vermitteln wir durch interne Schulungen, auf die alle<br>Mitglieder Anspruch haben.<br>Unsere Haltung zu Betriebsr\u00e4ten ist kritisch und wird von uns situationsbezogen bewertet. Zwar sind<br>Mitglieder in Betriebsr\u00e4ten t\u00e4tig, aber eine Teilnahme an Betriebsratswahlen durch FAU-Listen lehnen wir ab.<\/p>\n\n\n\n<p><strong>Solidarit\u00e4t und gegenseitige Hilfe<\/strong><\/p>\n\n\n\n<p>Neben dem Aufbau gewerkschaftlicher Strukturen in den Betrieben helfen wir unseren Mitgliedern auch bei der Bew\u00e4ltigung ihrer individuellen Konflikte. Das hei\u00dft wir wehren uns beispielsweise gemeinsam gegen vorenthaltene L\u00f6hne, unwirksame K\u00fcndigungen oder Diskriminierung am Arbeitsplatz.<br>Unsere Mittel sind dabei vielf\u00e4ltig und reichen von Druckkampagnen mit denen wir Arbeitgeber:innen direkt konfrontieren bis zum juristischen Beistand. Wir entscheiden anlassbezogen welcher Weg am<br>erfolgversprechendsten ist, wobei das betroffene Mitglied immer das letzte Wort hat.<\/p>\n\n\n\n<p><strong>Strukturen &amp; Organisation<\/strong><\/p>\n\n\n\n<p>Wir arbeiten unentgeltlich und sind basisdemokratisch organisiert. Das hei\u00dft alle richtungswei\u00dfenden<br>Entscheidungen werden von der Mitgliederbasis auf Vollversammlungen (VV) getroffen. Zwischen den<br>Vollversammlungen regeln gew\u00e4hlte Sekretariate und Arbeitsgruppen das Tagesgesch\u00e4ft.<br>\u00dcberregional sind wir Teil der <a href=\"http:\/\/www.fau.org\">Freien Arbeiter:innen Union (FAU)<\/a>, einer bundesweiten F\u00f6deration weiterer<br>Basisgewerkschaften. Die FAU wiederum ist Mitglied in der<a href=\"https:\/\/www.iclcit.org\/statuten-der-internationalen-konfoderation-der-arbeiterinnen\/\"> Internationalen Konf\u00f6deration der Arbeit <\/a>(IKA).<\/p>\n\n\n\n<p><strong>Mitgliedschaft und Mitarbeit<\/strong><\/p>\n\n\n\n<p>Mitglied bei uns k\u00f6nnen alle Arbeiter*innen werden, welche im Raum Aschaffenburg-Miltenberg wohnen<br>und\/oder arbeiten. Ausgeschlossen sind leitende Angestellte und Mitarbeiter von Repressionsorganen.<br>Neben der gewerkschaftlichen Aktivit\u00e4t am eigenen Arbeitsplatz gibt es vielseitige M\u00f6glichkeiten sich<br>innerhalb der FAU Aschaffenburg zu engagieren: Von der Mitarbeit bei unserer \u201eGewerkschaftlichen<br>Erstberatung\u201c, der \u00dcbernahme von Organisationsaufgaben oder eines Sekretariats, oder dem Unterst\u00fctzen anderer Mitglieder in ihrem Arbeitskonflikt.<br><br>Auch wenn wir als Basisgewerkschaft auf den Einsatz unserer Mitglieder angewiesen sind, ist auch eine<br>passive Mitgliedschaft m\u00f6glich.<br><br><strong><a href=\"https:\/\/aschaffenburg.fau.org\/?page_id=199\">Jetzt Mitglied werden!<\/a><\/strong><\/p>\n","protected":false},"excerpt":{"rendered":"<p>Das allgemeine Syndikat der Freien Arbeiter*innen-Union (FAU) Aschaffenburg ist eine Basisgewerkschaft f\u00fcr alle Branchen und Berufe. Unser Organisationsgebiet erstreckt sich auf die Wirtschaftsregion Bayerischer Untermain (Stadt und Landkreis Aschaffenburg, Landkreis Miltenberg).Wir k\u00e4mpfen f\u00fcr die Verbesserung unserer Arbeits- und Lebensbedingungen und haben dar\u00fcber hinausweitreichende Fernziele, f\u00fcr deren erreichen wir eine starke&#8230; <a class=\"continue-reading-link\" href=\"https:\/\/aschaffenburg.fau.org\/?page_id=217\">Continue reading<\/a><\/p>\n","protected":false},"author":1,"featured_media":0,"parent":0,"menu_order":0,"comment_status":"closed","ping_status":"closed","template":"","meta":{"footnotes":""},"class_list":["post-217","page","type-page","status-publish","hentry"],"_links":{"self":[{"href":"https:\/\/aschaffenburg.fau.org\/index.php?rest_route=\/wp\/v2\/pages\/217","targetHints":{"allow":["GET"]}}],"collection":[{"href":"https:\/\/aschaffenburg.fau.org\/index.php?rest_route=\/wp\/v2\/pages"}],"about":[{"href":"https:\/\/aschaffenburg.fau.org\/index.php?rest_route=\/wp\/v2\/types\/page"}],"author":[{"embeddable":true,"href":"https:\/\/aschaffenburg.fau.org\/index.php?rest_route=\/wp\/v2\/users\/1"}],"replies":[{"embeddable":true,"href":"https:\/\/aschaffenburg.fau.org\/index.php?rest_route=%2Fwp%2Fv2%2Fcomments&post=217"}],"version-history":[{"count":4,"href":"https:\/\/aschaffenburg.fau.org\/index.php?rest_route=\/wp\/v2\/pages\/217\/revisions"}],"predecessor-version":[{"id":525,"href":"https:\/\/aschaffenburg.fau.org\/index.php?rest_route=\/wp\/v2\/pages\/217\/revisions\/525"}],"wp:attachment":[{"href":"https:\/\/aschaffenburg.fau.org\/index.php?rest_route=%2Fwp%2Fv2%2Fmedia&parent=217"}],"curies":[{"name":"wp","href":"https:\/\/api.w.org\/{rel}","templated":true}]}}