{"id":35,"date":"2022-09-20T07:11:02","date_gmt":"2022-09-20T07:11:02","guid":{"rendered":"https:\/\/aschaffenburg.fau.org\/?page_id=35"},"modified":"2024-02-05T10:17:09","modified_gmt":"2024-02-05T09:17:09","slug":"gewerkschaftliche-beratung","status":"publish","type":"page","link":"https:\/\/aschaffenburg.fau.org\/?page_id=35","title":{"rendered":"Gewerkschaftliche Erstberatung"},"content":{"rendered":"\n<p>Probleme bei der Arbeit oder Fragen zu deiner Arbeitssituation? Dann wende dich an unsere gewerkschaftliche Erstberatung.<\/p>\n\n\n\n<p>Diese richtet sich an alle Arbeitenden in der Region Aschaffenburg-Miltenberg, die mit Problemen im Job ringen und Rat bzw. Unterst\u00fctzung suchen.<\/p>\n\n\n\n<p>Die Beratung ist in der Regel ein einmaliges und kostenloses Beratungsgespr\u00e4ch, welches wir Nichtmitgliedern anbieten.<\/p>\n\n\n\n<p>Alles was ohne gr\u00f6\u00dfere Recherche zum Fall schon gesagt werden kann, kann dort besprochen werden. Dabei spielen arbeitsrechtliche Einsch\u00e4tzungen und Tipps auch immer eine Rolle. Es handelt sich allerdings nicht um eine Rechtsberatung. Vielmehr versuchen wir mit dir, deine Situation und dein Problem zu er\u00f6rtern.<\/p>\n\n\n\n<p>Darauf aufbauend k\u00f6nnen wir erarbeiten, welche verschiedenen L\u00f6sungsm\u00f6glichkeiten in Frage kommen, auf deren Grundlage du dich dann f\u00fcr weitere Schritte entscheiden kannst. Sollten aus unserer gewerkschatlichen Sicht gr\u00f6\u00dfere Schritte notwendig sein, beschreiben wir dir diese. Du kannst dich dann entscheiden, ob du sie allein gehen willst oder durch eine Mitgliedschaft in der FAU mit uns gemeinsam.<\/p>\n\n\n\n<p>Bitte beachten: Ein Beratungsgespr\u00e4ch kommt ausschlie\u00dflich nach erfolgter Terminvereinbarung zustande. Schreibe hierzu eine E-Mail an <a href=\"mailto:fauab-beratung@fau.org\" target=\"_blank\" rel=\"noreferrer noopener\">fauab-beratung@fau.org<\/a> oder \u00fcber das Kontaktformular auf unserer Homepage und wir melden uns kurzfristig zur\u00fcck.<\/p>\n\n\n\n<hr class=\"wp-block-separator has-alpha-channel-opacity\"\/>\n\n\n\n<p><strong>K\u00fcndigung erhalten?<\/strong><\/p>\n\n\n\n<p>Keine Panik! Ob eine K\u00fcndigung \u00fcberhaupt rechtlich zul\u00e4ssig ist, sollte immer gepr\u00fcft werden. Denn oftmals ist das nicht der Fall.<\/p>\n\n\n\n<p>Wichtig zu beachten:<\/p>\n\n\n\n<p>Solltest du Zweifel an der Rechtm\u00e4\u00dfigkeit haben, empfiehlt es sich eine K\u00fcndigungsschutzklage einzureichen. Doch das geht nur bis zu einer Frist von 21 Tagen nach Erhalt der K\u00fcndigung.<\/p>\n\n\n\n<p>Als Gewerkschaft f\u00fchren wir nicht nur Beratungen durch, sondern unterst\u00fctzen unsere Mitglieder auch bei K\u00fcndigungsschutzklagen und den sich daraus ergebenden Schritten.<\/p>\n\n\n\n<hr class=\"wp-block-separator has-alpha-channel-opacity\"\/>\n\n\n\n<p>Wir sind eine Basisgewerkschaft und haben gemeinsame Ziele, die ihr unserer <a href=\"https:\/\/aschaffenburg.fau.org\/?page_id=210\">Prinzipienerkl\u00e4rung <\/a>entnehmen k\u00f6nnt. Wir arbeiten ehrenamtlich, niemand bei uns wird f\u00fcr seine Arbeit bezahlt. Gerne f\u00fchren wir mit euch gemeinsam auch gr\u00f6\u00dfere Konflikte oder entwickeln mit euch langfristige Strategien f\u00fcr die Organisierung am Arbeitsplatz. Daf\u00fcr bieten wir Schulungen an und unterst\u00fctzen bei der Bildung von Betriebsgruppen.<\/p>\n\n\n\n<p><\/p>\n\n\n\n<p><\/p>\n\n\n\n<p><\/p>\n\n\n\n<p><\/p>\n\n\n\n<p><\/p>\n\n\n\n<p><\/p>\n\n\n\n<p><\/p>\n","protected":false},"excerpt":{"rendered":"<p>Probleme bei der Arbeit oder Fragen zu deiner Arbeitssituation? Dann wende dich an unsere gewerkschaftliche Erstberatung. Diese richtet sich an alle Arbeitenden in der Region Aschaffenburg-Miltenberg, die mit Problemen im Job ringen und Rat bzw. Unterst\u00fctzung suchen. Die Beratung ist in der Regel ein einmaliges und kostenloses Beratungsgespr\u00e4ch, welches wir&#8230; <a class=\"continue-reading-link\" href=\"https:\/\/aschaffenburg.fau.org\/?page_id=35\">Continue reading<\/a><\/p>\n","protected":false},"author":1,"featured_media":485,"parent":0,"menu_order":0,"comment_status":"closed","ping_status":"closed","template":"","meta":{"footnotes":""},"class_list":["post-35","page","type-page","status-publish","has-post-thumbnail","hentry"],"_links":{"self":[{"href":"https:\/\/aschaffenburg.fau.org\/index.php?rest_route=\/wp\/v2\/pages\/35","targetHints":{"allow":["GET"]}}],"collection":[{"href":"https:\/\/aschaffenburg.fau.org\/index.php?rest_route=\/wp\/v2\/pages"}],"about":[{"href":"https:\/\/aschaffenburg.fau.org\/index.php?rest_route=\/wp\/v2\/types\/page"}],"author":[{"embeddable":true,"href":"https:\/\/aschaffenburg.fau.org\/index.php?rest_route=\/wp\/v2\/users\/1"}],"replies":[{"embeddable":true,"href":"https:\/\/aschaffenburg.fau.org\/index.php?rest_route=%2Fwp%2Fv2%2Fcomments&post=35"}],"version-history":[{"count":7,"href":"https:\/\/aschaffenburg.fau.org\/index.php?rest_route=\/wp\/v2\/pages\/35\/revisions"}],"predecessor-version":[{"id":516,"href":"https:\/\/aschaffenburg.fau.org\/index.php?rest_route=\/wp\/v2\/pages\/35\/revisions\/516"}],"wp:featuredmedia":[{"embeddable":true,"href":"https:\/\/aschaffenburg.fau.org\/index.php?rest_route=\/wp\/v2\/media\/485"}],"wp:attachment":[{"href":"https:\/\/aschaffenburg.fau.org\/index.php?rest_route=%2Fwp%2Fv2%2Fmedia&parent=35"}],"curies":[{"name":"wp","href":"https:\/\/api.w.org\/{rel}","templated":true}]}}