{"id":459,"date":"2024-01-02T11:13:38","date_gmt":"2024-01-02T10:13:38","guid":{"rendered":"https:\/\/aschaffenburg.fau.org\/?page_id=459"},"modified":"2025-01-14T12:42:57","modified_gmt":"2025-01-14T11:42:57","slug":"bildung","status":"publish","type":"page","link":"https:\/\/aschaffenburg.fau.org\/?page_id=459","title":{"rendered":"Bildung"},"content":{"rendered":"\n<div style=\"height:40px\" aria-hidden=\"true\" class=\"wp-block-spacer\"><\/div>\n\n\n\n<p><strong>Seminare &amp; Workshops<\/strong><\/p>\n\n\n\n<p><em>Ohne Bildung geht nichts! Und nur wer seine Rechte kennt, kann sie auch selbstbewusst einfordern oder f\u00fcr dar\u00fcber hinausreichende Verbesserungen k\u00e4mpfen.<\/em><\/p>\n\n\n\n<p>Deshalb veranstalten wir regelm\u00e4\u00dfig interne Seminare und Workshops zu Themen wie: <\/p>\n\n\n\n<ul class=\"wp-block-list\">\n<li>individuelles Arbeitsrecht<\/li>\n\n\n\n<li>kollektives Arbeitsrecht<\/li>\n\n\n\n<li>Organizing &amp; Betriebsgruppen<\/li>\n<\/ul>\n\n\n\n<p>Je nach Bedarf k\u00f6nnen diese einstiegsfreundlich oder f\u00fcr Fortgeschrittene gestaltet werden.<\/p>\n\n\n\n<p>Einmal im Jahr findet auch die FAU-Sommerschule statt, in der Mitglieder aus allen FAU-Syndikaten \u00fcber vier Tage hinweg an zahlreichen Workshops und Vortr\u00e4gen zu Betriebsorganisation, Arbeitsrecht und Gewerkschaftsarbeit teilnehmen k\u00f6nnen. <\/p>\n\n\n\n<div style=\"height:40px\" aria-hidden=\"true\" class=\"wp-block-spacer\"><\/div>\n\n\n\n<p><strong>Literatur<\/strong><\/p>\n\n\n\n<p><em>Aus der Geschichte lernen und Verh\u00e4ltnisse verstehen, um sie ver\u00e4ndern zu k\u00f6nnen. <\/em><\/p>\n\n\n<div class=\"wp-block-image is-style-rounded\">\n<figure class=\"alignleft size-large is-resized\"><img loading=\"lazy\" decoding=\"async\" width=\"651\" height=\"1024\" src=\"https:\/\/aschaffenburg.fau.org\/wp-content\/uploads\/2025\/01\/IMG_20250113_182416064_HDR-scaled-e1736851800628-651x1024.jpg\" alt=\"\" class=\"wp-image-731\" style=\"width:137px;height:auto\" srcset=\"https:\/\/aschaffenburg.fau.org\/wp-content\/uploads\/2025\/01\/IMG_20250113_182416064_HDR-scaled-e1736851800628-651x1024.jpg 651w, https:\/\/aschaffenburg.fau.org\/wp-content\/uploads\/2025\/01\/IMG_20250113_182416064_HDR-scaled-e1736851800628-191x300.jpg 191w, https:\/\/aschaffenburg.fau.org\/wp-content\/uploads\/2025\/01\/IMG_20250113_182416064_HDR-scaled-e1736851800628-768x1208.jpg 768w, https:\/\/aschaffenburg.fau.org\/wp-content\/uploads\/2025\/01\/IMG_20250113_182416064_HDR-scaled-e1736851800628-977x1536.jpg 977w, https:\/\/aschaffenburg.fau.org\/wp-content\/uploads\/2025\/01\/IMG_20250113_182416064_HDR-scaled-e1736851800628-223x350.jpg 223w, https:\/\/aschaffenburg.fau.org\/wp-content\/uploads\/2025\/01\/IMG_20250113_182416064_HDR-scaled-e1736851800628-95x150.jpg 95w, https:\/\/aschaffenburg.fau.org\/wp-content\/uploads\/2025\/01\/IMG_20250113_182416064_HDR-scaled-e1736851800628.jpg 1148w\" sizes=\"auto, (max-width: 651px) 100vw, 651px\" \/><\/figure>\n<\/div>\n\n\n<p>In unserem B\u00fcro stehen einige B\u00fccher zur Verf\u00fcgung, welche von Mitgliedern kostenfrei ausgeliehen werden k\u00f6nnen. <\/p>\n\n\n\n<p>Darunter befinden sich u.a. Analysen und Studien zur Geschichte der anarcho-syndikalistischen Bewegung und unserer Vorg\u00e4ngerorganisation FAUD, einige Klassiker des Anarchismus, praktische Handreichungen f\u00fcr gewerkschaftliche Praxis sowie Literatur zu Arbeitsrecht und aktueller Rechtssprechung.<\/p>\n\n\n\n<p>Zu den Themen Kapitalismuskritik, Organizing und Anarcho-Syndikalismus stehen auch einige B\u00fccher in mehrfacher Ausf\u00fchrung zur Verf\u00fcgung, sodass Mitglieder bei Interesse Lesekreise bilden und sich als Gruppe gemeinsam mit einem Thema auseinandersetzen k\u00f6nnen. <\/p>\n\n\n\n<p><br><\/p>\n\n\n\n<p><\/p>\n","protected":false},"excerpt":{"rendered":"<p>Seminare &amp; Workshops Ohne Bildung geht nichts! Und nur wer seine Rechte kennt, kann sie auch selbstbewusst einfordern oder f\u00fcr dar\u00fcber hinausreichende Verbesserungen k\u00e4mpfen. Deshalb veranstalten wir regelm\u00e4\u00dfig interne Seminare und Workshops zu Themen wie: Je nach Bedarf k\u00f6nnen diese einstiegsfreundlich oder f\u00fcr Fortgeschrittene gestaltet werden. Einmal im Jahr findet&#8230; <a class=\"continue-reading-link\" href=\"https:\/\/aschaffenburg.fau.org\/?page_id=459\">Continue reading<\/a><\/p>\n","protected":false},"author":1,"featured_media":0,"parent":0,"menu_order":0,"comment_status":"closed","ping_status":"closed","template":"","meta":{"footnotes":""},"class_list":["post-459","page","type-page","status-publish","hentry"],"_links":{"self":[{"href":"https:\/\/aschaffenburg.fau.org\/index.php?rest_route=\/wp\/v2\/pages\/459","targetHints":{"allow":["GET"]}}],"collection":[{"href":"https:\/\/aschaffenburg.fau.org\/index.php?rest_route=\/wp\/v2\/pages"}],"about":[{"href":"https:\/\/aschaffenburg.fau.org\/index.php?rest_route=\/wp\/v2\/types\/page"}],"author":[{"embeddable":true,"href":"https:\/\/aschaffenburg.fau.org\/index.php?rest_route=\/wp\/v2\/users\/1"}],"replies":[{"embeddable":true,"href":"https:\/\/aschaffenburg.fau.org\/index.php?rest_route=%2Fwp%2Fv2%2Fcomments&post=459"}],"version-history":[{"count":17,"href":"https:\/\/aschaffenburg.fau.org\/index.php?rest_route=\/wp\/v2\/pages\/459\/revisions"}],"predecessor-version":[{"id":735,"href":"https:\/\/aschaffenburg.fau.org\/index.php?rest_route=\/wp\/v2\/pages\/459\/revisions\/735"}],"wp:attachment":[{"href":"https:\/\/aschaffenburg.fau.org\/index.php?rest_route=%2Fwp%2Fv2%2Fmedia&parent=459"}],"curies":[{"name":"wp","href":"https:\/\/api.w.org\/{rel}","templated":true}]}}