{"id":591,"date":"2024-07-29T16:48:17","date_gmt":"2024-07-29T14:48:17","guid":{"rendered":"https:\/\/aschaffenburg.fau.org\/?page_id=591"},"modified":"2025-01-14T11:09:39","modified_gmt":"2025-01-14T10:09:39","slug":"materialien","status":"publish","type":"page","link":"https:\/\/aschaffenburg.fau.org\/?page_id=591","title":{"rendered":"Materialien"},"content":{"rendered":"\n<p>Brosch\u00fcren und Faltbl\u00e4tter als PDF-Download. Alle Materialien sind im FAU-B\u00fcro auch in gedruckter Ausf\u00fchrung erh\u00e4ltlich.<\/p>\n\n\n\n<p><a href=\"https:\/\/aschaffenburg.fau.org\/wp-content\/uploads\/2024\/07\/Faltblatt-Gewerkschaftliche-Erstberatung.pdf\">Faltblatt &#8222;Probleme auf der Arbeit? Gewerkschaftliche Erstberatung&#8220;<\/a><\/p>\n\n\n\n<p><a href=\"https:\/\/aschaffenburg.fau.org\/wp-content\/uploads\/2024\/07\/Faltblatt-Minijob-kenne-deine-Rechte.pdf\">Faltblatt &#8222;Minijob &#8211; Kenne deine Rechte!&#8220;<\/a><\/p>\n\n\n\n<p><a href=\"https:\/\/aschaffenburg.fau.org\/wp-content\/uploads\/2024\/04\/Rechte_im_Job_Februar_2024.pdf\">Brosch\u00fcre &#8222;Deine Rechte im Job &#8211; eine Einf\u00fchrung ins Arbeitsrecht und erste Schritte des Organizing&#8220;<\/a><\/p>\n\n\n\n<p><strong><a href=\"https:\/\/aschaffenburg.fau.org\/?page_id=716\">Podcasts und Videos<\/a><\/strong><\/p>\n\n\n\n<p><\/p>\n","protected":false},"excerpt":{"rendered":"<p>Brosch\u00fcren und Faltbl\u00e4tter als PDF-Download. Alle Materialien sind im FAU-B\u00fcro auch in gedruckter Ausf\u00fchrung erh\u00e4ltlich. Faltblatt &#8222;Probleme auf der Arbeit? Gewerkschaftliche Erstberatung&#8220; Faltblatt &#8222;Minijob &#8211; Kenne deine Rechte!&#8220; Brosch\u00fcre &#8222;Deine Rechte im Job &#8211; eine Einf\u00fchrung ins Arbeitsrecht und erste Schritte des Organizing&#8220; Podcasts und Videos <a class=\"continue-reading-link\" href=\"https:\/\/aschaffenburg.fau.org\/?page_id=591\">Continue reading<\/a><\/p>\n","protected":false},"author":1,"featured_media":0,"parent":0,"menu_order":0,"comment_status":"closed","ping_status":"closed","template":"","meta":{"footnotes":""},"class_list":["post-591","page","type-page","status-publish","hentry"],"_links":{"self":[{"href":"https:\/\/aschaffenburg.fau.org\/index.php?rest_route=\/wp\/v2\/pages\/591","targetHints":{"allow":["GET"]}}],"collection":[{"href":"https:\/\/aschaffenburg.fau.org\/index.php?rest_route=\/wp\/v2\/pages"}],"about":[{"href":"https:\/\/aschaffenburg.fau.org\/index.php?rest_route=\/wp\/v2\/types\/page"}],"author":[{"embeddable":true,"href":"https:\/\/aschaffenburg.fau.org\/index.php?rest_route=\/wp\/v2\/users\/1"}],"replies":[{"embeddable":true,"href":"https:\/\/aschaffenburg.fau.org\/index.php?rest_route=%2Fwp%2Fv2%2Fcomments&post=591"}],"version-history":[{"count":4,"href":"https:\/\/aschaffenburg.fau.org\/index.php?rest_route=\/wp\/v2\/pages\/591\/revisions"}],"predecessor-version":[{"id":723,"href":"https:\/\/aschaffenburg.fau.org\/index.php?rest_route=\/wp\/v2\/pages\/591\/revisions\/723"}],"wp:attachment":[{"href":"https:\/\/aschaffenburg.fau.org\/index.php?rest_route=%2Fwp%2Fv2%2Fmedia&parent=591"}],"curies":[{"name":"wp","href":"https:\/\/api.w.org\/{rel}","templated":true}]}}