{"id":973,"date":"2026-04-17T16:00:08","date_gmt":"2026-04-17T14:00:08","guid":{"rendered":"https:\/\/aschaffenburg.fau.org\/?page_id=973"},"modified":"2026-04-17T16:07:16","modified_gmt":"2026-04-17T14:07:16","slug":"beratung-zur-kriegsdienstverweigerung","status":"publish","type":"page","link":"https:\/\/aschaffenburg.fau.org\/?page_id=973","title":{"rendered":"Beratung zur Kriegsdienstverweigerung (KDV)"},"content":{"rendered":"\n<p>Kein Bock auf Krieg? Keine Lust, f\u00fcr die Interessen des Staates zu t\u00f6ten oder get\u00f6tet zu werden? Dann komm vorbei und informiere dich \u00fcber die M\u00f6glichkeit der KDV!<\/p>\n\n\n\n<p>Aktuell besteht zwar noch kein Zwang zum Milit\u00e4rdienst, aber mit der verpflichtenden Beantwortung von Frageb\u00f6gen und der Wiedereinf\u00fchrung der Musterung, verschafft sich die Bundeswehr schon jetzt die notwendigen Informationen, um kurzfristig \u00fcber junge Menschen verf\u00fcgen zu k\u00f6nnen. Eine Einf\u00fchrung der sogenannten Bedarfswehrpflicht ist jederzeit m\u00f6glich. Eine Verweigerung kann deshalb jetzt sinnvoll sein.<\/p>\n\n\n\n<p>Egal, ob du dieses Jahr 18 wirst und Post von der Bundeswehr erwartest oder ob du bereits \u00e4lter bist: Uns ist wichtig, dass du deine M\u00f6glichkeiten der Verweigerung kennst.<br>Auch, wenn du noch j\u00fcnger bist und dich bereits jetzt informieren willst oder du Informationen f\u00fcr andere Menschen (z.B. deine Kinder) suchst \u2013 melde dich gerne bei uns.<\/p>\n\n\n\n<p>Wir wurden von der <a href=\"https:\/\/dfg-vk.de\">DFG-VK<\/a> geschult und informieren uns regelm\u00e4\u00dfig zu aktuellen Entwicklungen in diesem Bereich.<\/p>\n\n\n\n<p>Wenn du Interesse an einer Beratung hast, schreib uns eine E-Mail an&nbsp;<a href=\"mailto:kdv-ab@fau.org\" target=\"_blank\" rel=\"noreferrer noopener\">kdv-ab@fau.org<\/a>. Wir organisieren einen Termin (normalerweise in Form einer Gruppenberatung), an dem du Fragen stellen kannst und alle wichtigen Informationen bekommst, die du f\u00fcr den Verweigerungsprozess ben\u00f6tigst.<\/p>\n\n\n\n<p>Wenn gew\u00fcnscht, unterst\u00fctzen wir dich auch danach auf deinem Weg zur erfolgreichen Verweigerung.<\/p>\n\n\n\n<p><strong>Warum ist uns die KDV wichtig?<\/strong><\/p>\n\n\n\n<p>Wir lehnen jegliche Art von Zwangsdiensten ab. Der Kriegsdienst bringt uns potenziell in die Lage, andere Menschen zu t\u00f6ten und selbst get\u00f6tet zu werden. Er ist ein massiver Eingriff in unser Leben.<\/p>\n\n\n\n<p>Dar\u00fcber hinaus dient der Kriegsdienst, zusammen mit der gezielten Ansprache junger Menschen, der Normalisierung der Bundeswehr als Arbeitgeber. Aber das T\u00f6ten anderer Menschen, zusammen mit allen anderen Grausamkeiten, die Armeen weltweit im Auftrag ihrer Staaten ver\u00fcben, darf und kann niemals ein normaler Beruf sein. Durch den Kriegsdienst wird der Bundeswehr kontinuierlich potenzielles neues Personal zugef\u00fchrt, das mit verlockenden Gehaltsangeboten und weiteren Verg\u00fcnstigungen gek\u00f6dert wird. Als Gewerkschaft lehnen wir dies entschieden ab.<\/p>\n\n\n\n<p><strong>Gegen Krieg!<\/strong><\/p>\n\n\n\n<p>Im Krieg geht es nicht um unsere Interessen und wir, die ihn k\u00e4mpfen sollen, haben dort nichts zu gewinnen. Deshalb lehnen wir jede Unterst\u00fctzung und Beteiligung an ihm ab.<\/p>\n","protected":false},"excerpt":{"rendered":"<p>Kein Bock auf Krieg? Keine Lust, f\u00fcr die Interessen des Staates zu t\u00f6ten oder get\u00f6tet zu werden? Dann komm vorbei und informiere dich \u00fcber die M\u00f6glichkeit der KDV! Aktuell besteht zwar noch kein Zwang zum Milit\u00e4rdienst, aber mit der verpflichtenden Beantwortung von Frageb\u00f6gen und der Wiedereinf\u00fchrung der Musterung, verschafft sich&#8230; <a class=\"continue-reading-link\" href=\"https:\/\/aschaffenburg.fau.org\/?page_id=973\">Continue reading<\/a><\/p>\n","protected":false},"author":1,"featured_media":0,"parent":0,"menu_order":0,"comment_status":"closed","ping_status":"closed","template":"","meta":{"footnotes":""},"class_list":["post-973","page","type-page","status-publish","hentry"],"_links":{"self":[{"href":"https:\/\/aschaffenburg.fau.org\/index.php?rest_route=\/wp\/v2\/pages\/973","targetHints":{"allow":["GET"]}}],"collection":[{"href":"https:\/\/aschaffenburg.fau.org\/index.php?rest_route=\/wp\/v2\/pages"}],"about":[{"href":"https:\/\/aschaffenburg.fau.org\/index.php?rest_route=\/wp\/v2\/types\/page"}],"author":[{"embeddable":true,"href":"https:\/\/aschaffenburg.fau.org\/index.php?rest_route=\/wp\/v2\/users\/1"}],"replies":[{"embeddable":true,"href":"https:\/\/aschaffenburg.fau.org\/index.php?rest_route=%2Fwp%2Fv2%2Fcomments&post=973"}],"version-history":[{"count":5,"href":"https:\/\/aschaffenburg.fau.org\/index.php?rest_route=\/wp\/v2\/pages\/973\/revisions"}],"predecessor-version":[{"id":980,"href":"https:\/\/aschaffenburg.fau.org\/index.php?rest_route=\/wp\/v2\/pages\/973\/revisions\/980"}],"wp:attachment":[{"href":"https:\/\/aschaffenburg.fau.org\/index.php?rest_route=%2Fwp%2Fv2%2Fmedia&parent=973"}],"curies":[{"name":"wp","href":"https:\/\/api.w.org\/{rel}","templated":true}]}}